{"id":3150,"date":"2014-08-29T02:09:43","date_gmt":"2014-08-29T02:09:43","guid":{"rendered":"https:\/\/gconnect.ch\/contact-us\/"},"modified":"2022-04-14T11:24:30","modified_gmt":"2022-04-14T09:24:30","slug":"kontakt","status":"publish","type":"page","link":"https:\/\/www.gconnect.ch\/de\/kontakt\/","title":{"rendered":"Kontakt"},"content":{"rendered":"<div id='av_section_1'  class='avia-section main_color avia-section-default avia-no-border-styling  av-section-color-overlay-active avia-bg-style-parallax  avia-builder-el-0  el_before_av_section  avia-builder-el-first   av-mini-hide av-arrow-down-section av-minimum-height av-minimum-height-custom  container_wrap fullsize' style='background-color: #216281;  '  ><div class='av-section-color-overlay-wrap'><div class='av-section-color-overlay' style='opacity: 0.7; background-color: #216281; background-image: url(https:\/\/www.gconnect.ch\/wp-content\/themes\/enfold\/images\/background-images\/polygon.png); background-repeat: repeat;'><\/div><div class='container' style='height:300px'><main  role=\"main\" itemprop=\"mainContentOfPage\"  class='template-page content  av-content-full alpha units'><div class='post-entry post-entry-type-page post-entry-3150'><div class='entry-content-wrapper clearfix'>\n<div  style='padding-bottom:40px; color:#ffffff;font-size:72px;' class='av-special-heading av-special-heading-h2 custom-color-heading blockquote modern-quote  avia-builder-el-1  avia-builder-el-no-sibling  av-inherit-size '><h2 class='av-special-heading-tag '  itemprop=\"headline\"  >Kontaktieren Sie uns<\/h2><div class ='av-subheading av-subheading_below av_custom_color ' style='font-size:20px;'><p>Haben Sie Fragen? M\u00f6chten Sie bei uns arbeiten?<\/p>\n<\/div><div class='special-heading-border'><div class='special-heading-inner-border' style='border-color:#ffffff'><\/div><\/div><\/div>\n\n<\/div><\/div><\/main><!-- close content main element --><\/div><div class='av-extra-border-element border-extra-arrow-down'><div class='av-extra-border-outer'><div class='av-extra-border-inner'  style='background-color:#216281;' ><\/div><\/div><\/div><\/div><\/div><div id='av_section_2'  class='avia-section main_color avia-section-large avia-no-border-styling  avia-bg-style-scroll  avia-builder-el-2  el_after_av_section  avia-builder-el-last   av-arrow-down-section container_wrap fullsize' style=' '  ><div class='container' ><div class='template-page content  av-content-full alpha units'><div class='post-entry post-entry-type-page post-entry-3150'><div class='entry-content-wrapper clearfix'>\n<div class=\"flex_column av_two_third  flex_column_div av-zero-column-padding first  avia-builder-el-3  el_before_av_one_third  avia-builder-el-first  \" style='border-radius:0px; '><p><div  style='padding-bottom:10px; ' class='av-special-heading av-special-heading-h2  blockquote modern-quote  avia-builder-el-4  el_before_av_hr  avia-builder-el-first  '><h2 class='av-special-heading-tag '  itemprop=\"headline\"  >Kontaktformular<\/h2><div class ='av-subheading av-subheading_below  ' style='font-size:16px;'><p>Bitte senden Sie uns eine E-Mail oder f\u00fcllen Sie das unterstehende Kontaktformular aus. Wir werden uns dann so bald wie m\u00f6glich mit Ihnen in Verbindung setzen, um Ihre Bed\u00fcrfnisse zu besprechen.<\/p>\n<\/div><div class='special-heading-border'><div class='special-heading-inner-border' ><\/div><\/div><\/div><br \/>\n<div  style='height:10px' class='hr hr-invisible   avia-builder-el-5  el_after_av_heading  el_before_av_contact '><span class='hr-inner ' ><span class='hr-inner-style'><\/span><\/span><\/div><br \/>\n<form action=\"https:\/\/www.gconnect.ch\/de\/kontakt\/\" method=\"post\"  class=\"avia_ajax_form av-form-labels-hidden   avia-builder-el-6  el_after_av_hr  avia-builder-el-last   \" data-avia-form-id=\"1\" data-avia-redirect='' ><fieldset><p class='  first_form  form_element form_element_half' id='element_avia_1_1'><label for=\"avia_1_1\">Name <abbr class=\"required\" title=\"ben\u00f6tigt\">*<\/abbr><\/label> <input name=\"avia_1_1\" class=\"text_input is_empty\" type=\"text\" id=\"avia_1_1\" value=\"\"  placeholder='Name*'\/><\/p><p class='  form_element form_element_half' id='element_avia_2_1'><label for=\"avia_2_1\">E-Mail <abbr class=\"required\" title=\"ben\u00f6tigt\">*<\/abbr><\/label> <input name=\"avia_2_1\" class=\"text_input is_email\" type=\"text\" id=\"avia_2_1\" value=\"\"  placeholder='E-Mail*'\/><\/p><p class='  first_form  form_element form_fullwidth' id='element_avia_3_1'><label for=\"avia_3_1\">Betreff <abbr class=\"required\" title=\"ben\u00f6tigt\">*<\/abbr><\/label> <input name=\"avia_3_1\" class=\"text_input is_empty\" type=\"text\" id=\"avia_3_1\" value=\"\"  placeholder='Betreff*'\/><\/p><p class='  first_form  form_element form_fullwidth' id='element_avia_4_1'><label for=\"avia_4_1\" class=\"textare_label hidden textare_label_avia_4_1\">Nachricht <abbr class=\"required\" title=\"ben\u00f6tigt\">*<\/abbr><\/label><textarea  placeholder='Nachricht*' name=\"avia_4_1\" class=\"text_area is_empty\" cols=\"40\" rows=\"7\" id=\"avia_4_1\" ><\/textarea><\/p><p class=' first_form  form_element form_fullwidth av-last-visible-form-element' id='element_avia_5_1'>    <input  name=\"avia_5_1\" class=\"input_checkbox is_empty\" type=\"checkbox\" id=\"avia_5_1\" value=\"true\"\/><label class=\"input_checkbox_label\" for=\"avia_5_1\">Ich stimme der Erhebung und Verarbeitung meiner personenbezogenen Daten durch GConnect zu. <abbr class=\"required\" title=\"ben\u00f6tigt\">*<\/abbr><\/label><\/p><p class=\"hidden\"><input type=\"text\" name=\"avia_6_1\" class=\"hidden \" id=\"avia_6_1\" value=\"\" \/><\/p><p class=\"form_element \"><input type=\"hidden\" value=\"1\" name=\"avia_generated_form1\" \/><input type=\"submit\" value=\"Absenden\" class=\"button\"  data-sending-label=\"Sende\"\/><\/p><\/fieldset><\/form><div id=\"ajaxresponse_1\" class=\"ajaxresponse ajaxresponse_1 hidden\"><\/div><\/p><\/div><div class=\"flex_column av_one_third  flex_column_div av-zero-column-padding   avia-builder-el-7  el_after_av_two_third  avia-builder-el-last  \" style='border-radius:0px; '><p><div  style='padding-bottom:10px; ' class='av-special-heading av-special-heading-h2  blockquote modern-quote modern-centered  avia-builder-el-8  el_before_av_hr  avia-builder-el-first  '><h2 class='av-special-heading-tag '  itemprop=\"headline\"  >Unsere B\u00fcros<\/h2><div class ='av-subheading av-subheading_below  ' style='font-size:16px;'><p>Nehmen Sie mit uns Kontakt auf<\/p>\n<\/div><div class='special-heading-border'><div class='special-heading-inner-border' ><\/div><\/div><\/div><br \/>\n<div  style='height:10px' class='hr hr-invisible   avia-builder-el-9  el_after_av_heading  el_before_av_icon_box '><span class='hr-inner ' ><span class='hr-inner-style'><\/span><\/span><\/div><br \/>\n<article  class=\"iconbox iconbox_top main_color    avia-builder-el-10  el_after_av_hr  el_before_av_hr  \"  itemscope=\"itemscope\" itemtype=\"https:\/\/schema.org\/CreativeWork\" ><div class=\"iconbox_content\"><header class=\"entry-content-header\"><div class=\"iconbox_icon heading-color\" aria-hidden='true' data-av_icon='\ue842' data-av_iconfont='entypo-fontello'  ><\/div><h3 class='iconbox_content_title  '  itemprop=\"headline\"  >Schweiz<\/h3><\/header><div class='iconbox_content_container  '  itemprop=\"text\"  ><p>Seestrasse 24c<br \/>\nCH-8806 B\u00e4ch<\/p>\n<\/div><\/div><footer class=\"entry-footer\"><\/footer><\/article><br \/>\n<div  style='height:10px' class='hr hr-invisible   avia-builder-el-11  el_after_av_icon_box  el_before_av_icon_box '><span class='hr-inner ' ><span class='hr-inner-style'><\/span><\/span><\/div><br \/>\n<article  class=\"iconbox iconbox_top main_color    avia-builder-el-12  el_after_av_hr  el_before_av_hr  \"  itemscope=\"itemscope\" itemtype=\"https:\/\/schema.org\/CreativeWork\" ><div class=\"iconbox_content\"><header class=\"entry-content-header\"><div class=\"iconbox_icon heading-color\" aria-hidden='true' data-av_icon='\ue842' data-av_iconfont='entypo-fontello'  ><\/div><h3 class='iconbox_content_title  '  itemprop=\"headline\"  >Ukraine<\/h3><\/header><div class='iconbox_content_container  '  itemprop=\"text\"  ><p>Soborna sq., 10<br \/>\n49027 Dnipro<\/p>\n<\/div><\/div><footer class=\"entry-footer\"><\/footer><\/article><br \/>\n<div  style='height:10px' class='hr hr-invisible   avia-builder-el-13  el_after_av_icon_box  el_before_av_icon_box '><span class='hr-inner ' ><span class='hr-inner-style'><\/span><\/span><\/div><br \/>\n<article  class=\"iconbox iconbox_top main_color    avia-builder-el-14  el_after_av_hr  avia-builder-el-last  \"  itemscope=\"itemscope\" itemtype=\"https:\/\/schema.org\/CreativeWork\" ><div class=\"iconbox_content\"><header class=\"entry-content-header\"><div class=\"iconbox_icon heading-color\" aria-hidden='true' data-av_icon='\ue80b' data-av_iconfont='entypo-fontello'  ><\/div><\/header><div class='iconbox_content_container  '  itemprop=\"text\"  ><p><a href=\"tel:+41445000500\">+41 (0)44 5000-500<\/a><\/p>\n<p><a href=\"mailto:contact@gconnect.ch\">contact@gconnect.ch<\/a><\/p>\n<\/div><\/div><footer class=\"entry-footer\"><\/footer><\/article><\/p><\/div>\n","protected":false},"excerpt":{"rendered":"","protected":false},"author":1,"featured_media":0,"parent":0,"menu_order":0,"comment_status":"open","ping_status":"closed","template":"","meta":{"footnotes":""},"class_list":["post-3150","page","type-page","status-publish","hentry"],"yoast_head":"<!-- This site is optimized with the Yoast SEO plugin v27.4 - https:\/\/yoast.com\/product\/yoast-seo-wordpress\/ -->\n<title>Kontakt - GConnect<\/title>\n<meta name=\"description\" content=\"Haben Sie Fragen? M\u00f6chten Sie bei uns arbeiten? Bitte senden Sie uns eine E-Mail oder f\u00fcllen Sie das unterstehende Kontaktformular aus. Wir werden uns dann so bald wie m\u00f6glich mit Ihnen in Verbindung setzen, um Ihre Bed\u00fcrfnisse zu besprechen.\" \/>\n<meta name=\"robots\" content=\"index, follow, max-snippet:-1, max-image-preview:large, max-video-preview:-1\" \/>\n<link rel=\"canonical\" href=\"https:\/\/www.gconnect.ch\/de\/kontakt\/\" \/>\n<meta property=\"og:locale\" content=\"de_DE\" \/>\n<meta property=\"og:type\" content=\"article\" \/>\n<meta property=\"og:title\" content=\"Kontakt - GConnect\" \/>\n<meta property=\"og:description\" content=\"Haben Sie Fragen? M\u00f6chten Sie bei uns arbeiten? Bitte senden Sie uns eine E-Mail oder f\u00fcllen Sie das unterstehende Kontaktformular aus. Wir werden uns dann so bald wie m\u00f6glich mit Ihnen in Verbindung setzen, um Ihre Bed\u00fcrfnisse zu besprechen.\" \/>\n<meta property=\"og:url\" content=\"https:\/\/www.gconnect.ch\/de\/kontakt\/\" \/>\n<meta property=\"og:site_name\" content=\"GConnect\" \/>\n<meta property=\"article:publisher\" content=\"https:\/\/www.facebook.com\/gconnect.ch\/\" \/>\n<meta property=\"article:modified_time\" content=\"2022-04-14T09:24:30+00:00\" \/>\n<meta property=\"og:image\" content=\"https:\/\/www.gconnect.ch\/wp-content\/uploads\/2017\/02\/logo_512.png\" \/>\n\t<meta property=\"og:image:width\" content=\"512\" \/>\n\t<meta property=\"og:image:height\" content=\"512\" \/>\n\t<meta property=\"og:image:type\" content=\"image\/png\" \/>\n<meta name=\"twitter:card\" content=\"summary_large_image\" \/>\n<meta name=\"twitter:label1\" content=\"Gesch\u00e4tzte Lesezeit\" \/>\n\t<meta name=\"twitter:data1\" content=\"6\u00a0Minuten\" \/>\n<script type=\"application\/ld+json\" class=\"yoast-schema-graph\">{\"@context\":\"https:\\\/\\\/schema.org\",\"@graph\":[{\"@type\":\"WebPage\",\"@id\":\"https:\\\/\\\/www.gconnect.ch\\\/de\\\/kontakt\\\/\",\"url\":\"https:\\\/\\\/www.gconnect.ch\\\/de\\\/kontakt\\\/\",\"name\":\"Kontakt - GConnect\",\"isPartOf\":{\"@id\":\"https:\\\/\\\/www.gconnect.ch\\\/#website\"},\"datePublished\":\"2014-08-29T02:09:43+00:00\",\"dateModified\":\"2022-04-14T09:24:30+00:00\",\"description\":\"Haben Sie Fragen? M\u00f6chten Sie bei uns arbeiten? Bitte senden Sie uns eine E-Mail oder f\u00fcllen Sie das unterstehende Kontaktformular aus. Wir werden uns dann so bald wie m\u00f6glich mit Ihnen in Verbindung setzen, um Ihre Bed\u00fcrfnisse zu besprechen.\",\"breadcrumb\":{\"@id\":\"https:\\\/\\\/www.gconnect.ch\\\/de\\\/kontakt\\\/#breadcrumb\"},\"inLanguage\":\"de\",\"potentialAction\":[{\"@type\":\"ReadAction\",\"target\":[\"https:\\\/\\\/www.gconnect.ch\\\/de\\\/kontakt\\\/\"]}]},{\"@type\":\"BreadcrumbList\",\"@id\":\"https:\\\/\\\/www.gconnect.ch\\\/de\\\/kontakt\\\/#breadcrumb\",\"itemListElement\":[{\"@type\":\"ListItem\",\"position\":1,\"name\":\"Home\",\"item\":\"https:\\\/\\\/www.gconnect.ch\\\/de\\\/\"},{\"@type\":\"ListItem\",\"position\":2,\"name\":\"Kontakt\"}]},{\"@type\":\"WebSite\",\"@id\":\"https:\\\/\\\/www.gconnect.ch\\\/#website\",\"url\":\"https:\\\/\\\/www.gconnect.ch\\\/\",\"name\":\"GConnect\",\"description\":\"\",\"publisher\":{\"@id\":\"https:\\\/\\\/www.gconnect.ch\\\/#organization\"},\"potentialAction\":[{\"@type\":\"SearchAction\",\"target\":{\"@type\":\"EntryPoint\",\"urlTemplate\":\"https:\\\/\\\/www.gconnect.ch\\\/?s={search_term_string}\"},\"query-input\":{\"@type\":\"PropertyValueSpecification\",\"valueRequired\":true,\"valueName\":\"search_term_string\"}}],\"inLanguage\":\"de\"},{\"@type\":\"Organization\",\"@id\":\"https:\\\/\\\/www.gconnect.ch\\\/#organization\",\"name\":\"GConnect AG\",\"url\":\"https:\\\/\\\/www.gconnect.ch\\\/\",\"logo\":{\"@type\":\"ImageObject\",\"inLanguage\":\"de\",\"@id\":\"https:\\\/\\\/www.gconnect.ch\\\/#\\\/schema\\\/logo\\\/image\\\/\",\"url\":\"https:\\\/\\\/www.gconnect.ch\\\/wp-content\\\/uploads\\\/2017\\\/02\\\/logo_512.png\",\"contentUrl\":\"https:\\\/\\\/www.gconnect.ch\\\/wp-content\\\/uploads\\\/2017\\\/02\\\/logo_512.png\",\"width\":512,\"height\":512,\"caption\":\"GConnect AG\"},\"image\":{\"@id\":\"https:\\\/\\\/www.gconnect.ch\\\/#\\\/schema\\\/logo\\\/image\\\/\"},\"sameAs\":[\"https:\\\/\\\/www.facebook.com\\\/gconnect.ch\\\/\",\"https:\\\/\\\/www.linkedin.com\\\/company\\\/1322613\\\/\"]}]}<\/script>\n<!-- \/ Yoast SEO plugin. -->","yoast_head_json":{"title":"Kontakt - GConnect","description":"Haben Sie Fragen? M\u00f6chten Sie bei uns arbeiten? Bitte senden Sie uns eine E-Mail oder f\u00fcllen Sie das unterstehende Kontaktformular aus. Wir werden uns dann so bald wie m\u00f6glich mit Ihnen in Verbindung setzen, um Ihre Bed\u00fcrfnisse zu besprechen.","robots":{"index":"index","follow":"follow","max-snippet":"max-snippet:-1","max-image-preview":"max-image-preview:large","max-video-preview":"max-video-preview:-1"},"canonical":"https:\/\/www.gconnect.ch\/de\/kontakt\/","og_locale":"de_DE","og_type":"article","og_title":"Kontakt - GConnect","og_description":"Haben Sie Fragen? M\u00f6chten Sie bei uns arbeiten? Bitte senden Sie uns eine E-Mail oder f\u00fcllen Sie das unterstehende Kontaktformular aus. Wir werden uns dann so bald wie m\u00f6glich mit Ihnen in Verbindung setzen, um Ihre Bed\u00fcrfnisse zu besprechen.","og_url":"https:\/\/www.gconnect.ch\/de\/kontakt\/","og_site_name":"GConnect","article_publisher":"https:\/\/www.facebook.com\/gconnect.ch\/","article_modified_time":"2022-04-14T09:24:30+00:00","og_image":[{"width":512,"height":512,"url":"https:\/\/www.gconnect.ch\/wp-content\/uploads\/2017\/02\/logo_512.png","type":"image\/png"}],"twitter_card":"summary_large_image","twitter_misc":{"Gesch\u00e4tzte Lesezeit":"6\u00a0Minuten"},"schema":{"@context":"https:\/\/schema.org","@graph":[{"@type":"WebPage","@id":"https:\/\/www.gconnect.ch\/de\/kontakt\/","url":"https:\/\/www.gconnect.ch\/de\/kontakt\/","name":"Kontakt - GConnect","isPartOf":{"@id":"https:\/\/www.gconnect.ch\/#website"},"datePublished":"2014-08-29T02:09:43+00:00","dateModified":"2022-04-14T09:24:30+00:00","description":"Haben Sie Fragen? M\u00f6chten Sie bei uns arbeiten? Bitte senden Sie uns eine E-Mail oder f\u00fcllen Sie das unterstehende Kontaktformular aus. Wir werden uns dann so bald wie m\u00f6glich mit Ihnen in Verbindung setzen, um Ihre Bed\u00fcrfnisse zu besprechen.","breadcrumb":{"@id":"https:\/\/www.gconnect.ch\/de\/kontakt\/#breadcrumb"},"inLanguage":"de","potentialAction":[{"@type":"ReadAction","target":["https:\/\/www.gconnect.ch\/de\/kontakt\/"]}]},{"@type":"BreadcrumbList","@id":"https:\/\/www.gconnect.ch\/de\/kontakt\/#breadcrumb","itemListElement":[{"@type":"ListItem","position":1,"name":"Home","item":"https:\/\/www.gconnect.ch\/de\/"},{"@type":"ListItem","position":2,"name":"Kontakt"}]},{"@type":"WebSite","@id":"https:\/\/www.gconnect.ch\/#website","url":"https:\/\/www.gconnect.ch\/","name":"GConnect","description":"","publisher":{"@id":"https:\/\/www.gconnect.ch\/#organization"},"potentialAction":[{"@type":"SearchAction","target":{"@type":"EntryPoint","urlTemplate":"https:\/\/www.gconnect.ch\/?s={search_term_string}"},"query-input":{"@type":"PropertyValueSpecification","valueRequired":true,"valueName":"search_term_string"}}],"inLanguage":"de"},{"@type":"Organization","@id":"https:\/\/www.gconnect.ch\/#organization","name":"GConnect AG","url":"https:\/\/www.gconnect.ch\/","logo":{"@type":"ImageObject","inLanguage":"de","@id":"https:\/\/www.gconnect.ch\/#\/schema\/logo\/image\/","url":"https:\/\/www.gconnect.ch\/wp-content\/uploads\/2017\/02\/logo_512.png","contentUrl":"https:\/\/www.gconnect.ch\/wp-content\/uploads\/2017\/02\/logo_512.png","width":512,"height":512,"caption":"GConnect AG"},"image":{"@id":"https:\/\/www.gconnect.ch\/#\/schema\/logo\/image\/"},"sameAs":["https:\/\/www.facebook.com\/gconnect.ch\/","https:\/\/www.linkedin.com\/company\/1322613\/"]}]}},"_links":{"self":[{"href":"https:\/\/www.gconnect.ch\/de\/wp-json\/wp\/v2\/pages\/3150","targetHints":{"allow":["GET"]}}],"collection":[{"href":"https:\/\/www.gconnect.ch\/de\/wp-json\/wp\/v2\/pages"}],"about":[{"href":"https:\/\/www.gconnect.ch\/de\/wp-json\/wp\/v2\/types\/page"}],"author":[{"embeddable":true,"href":"https:\/\/www.gconnect.ch\/de\/wp-json\/wp\/v2\/users\/1"}],"replies":[{"embeddable":true,"href":"https:\/\/www.gconnect.ch\/de\/wp-json\/wp\/v2\/comments?post=3150"}],"version-history":[{"count":2,"href":"https:\/\/www.gconnect.ch\/de\/wp-json\/wp\/v2\/pages\/3150\/revisions"}],"predecessor-version":[{"id":4833,"href":"https:\/\/www.gconnect.ch\/de\/wp-json\/wp\/v2\/pages\/3150\/revisions\/4833"}],"wp:attachment":[{"href":"https:\/\/www.gconnect.ch\/de\/wp-json\/wp\/v2\/media?parent=3150"}],"curies":[{"name":"wp","href":"https:\/\/api.w.org\/{rel}","templated":true}]}}